{"id":3767,"date":"2018-07-24T13:35:17","date_gmt":"2018-07-24T13:35:17","guid":{"rendered":"http:\/\/www.neu.safiro-unikatschmuck.de\/?page_id=3767"},"modified":"2018-10-25T08:34:44","modified_gmt":"2018-10-25T08:34:44","slug":"petra-el-helaly","status":"publish","type":"page","link":"https:\/\/www.safiro-unikatschmuck.de\/?page_id=3767","title":{"rendered":"\u00dcber mich"},"content":{"rendered":"<p>[vc_row][vc_column]<div class=\"fl_custom_text_block  \" ><h3 style=\"text-align: center;\">\u00dcBER MICH<\/h3>\n<\/div><div class=\"fl-single-img cf  \" id=\"fl_image_69f3199108a84\"  ><img src=\"https:\/\/www.safiro-unikatschmuck.de\/wp-content\/uploads\/2018\/07\/safiro_Ornament_1920-1170x60.png\" alt=\"   \" class=\"fl_single-img\"><\/div>[vc_empty_space height=&#8220;45px&#8220;][\/vc_column][\/vc_row][vc_row][vc_column width=&#8220;1\/2&#8243;][vc_column_text]Petra Holzmann El Helaly<\/p>\n<p>1962<br \/>\nGeboren in M\u00fcnchen<\/p>\n<p>1982 \u2013 85<br \/>\nSilberschmiedelehre in der staatlichen Berufsfachschule f\u00fcr Glas und Schmuck Kaufbeuren-Neugablonz mit Gesellenabschluss.<\/p>\n<p>Seit 1986<br \/>\nFreiberufliche k\u00fcnstlerische T\u00e4tigkeit als Gold &#8211; und Silberschmiedin. Ausstellung von Unikatschmuck in Galerien in M\u00fcnchen, Regensburg und Freising.<\/p>\n<p>1992-98<br \/>\nZusammenarbeit mit Galerie 8 1\/2 in Freising.<br \/>\nAusstellung eigener Arbeiten, Mitarbeit am Galeriebetrieb und der Organisation zahlreicher Ausstellungen in der Galerie.<\/p>\n<p>1998 -2003<br \/>\nEr\u00f6ffnung der Galerie \u201cSAFIRO\u201c f\u00fcr Unikatschmuck und Kunstobjekte im Zentrum Freisings. Verkauf eigener Schmuckst\u00fccke, sowie lokaler und internationaler Goldschmiede und K\u00fcnstler mit einer j\u00e4hrlichen besonderen und exklusiven Ausstellung.<\/p>\n<p>2005 -2015<br \/>\nLebens- und Arbeitsmittelpunkt in \u00c4gypten am Roten Meer.<\/p>\n<p>Seit 2016<br \/>\nlebe und arbeite ich wieder im Freisinger Umland.[\/vc_column_text][\/vc_column][vc_column width=&#8220;1\/2&#8243;]<div class=\"fl-single-img cf  \" id=\"fl_image_69f3199109331\"  ><img src=\"https:\/\/www.safiro-unikatschmuck.de\/wp-content\/uploads\/2018\/09\/Petra_01.jpg\" alt=\"   \" class=\"fl_single-img\"><\/div>[\/vc_column][\/vc_row]<\/p>\n","protected":false},"excerpt":{"rendered":"<p>[vc_row][vc_column][vc_empty_space height=&#8220;45px&#8220;][\/vc_column][\/vc_row][vc_row][vc_column width=&#8220;1\/2&#8243;][vc_column_text]Petra Holzmann El Helaly 1962 Geboren in M\u00fcnchen 1982 \u2013 85 Silberschmiedelehre in der staatlichen Berufsfachschule f\u00fcr Glas und Schmuck Kaufbeuren-Neugablonz mit Gesellenabschluss. Seit 1986 Freiberufliche k\u00fcnstlerische T\u00e4tigkeit als Gold &#8211; und Silberschmiedin. Ausstellung von Unikatschmuck in Galerien in M\u00fcnchen, Regensburg und Freising. 1992-98 Zusammenarbeit mit Galerie 8 1\/2 in Freising. Ausstellung eigener [&hellip;]<\/p>\n","protected":false},"author":1,"featured_media":0,"parent":0,"menu_order":0,"comment_status":"closed","ping_status":"closed","template":"","meta":[],"_links":{"self":[{"href":"https:\/\/www.safiro-unikatschmuck.de\/index.php?rest_route=\/wp\/v2\/pages\/3767"}],"collection":[{"href":"https:\/\/www.safiro-unikatschmuck.de\/index.php?rest_route=\/wp\/v2\/pages"}],"about":[{"href":"https:\/\/www.safiro-unikatschmuck.de\/index.php?rest_route=\/wp\/v2\/types\/page"}],"author":[{"embeddable":true,"href":"https:\/\/www.safiro-unikatschmuck.de\/index.php?rest_route=\/wp\/v2\/users\/1"}],"replies":[{"embeddable":true,"href":"https:\/\/www.safiro-unikatschmuck.de\/index.php?rest_route=%2Fwp%2Fv2%2Fcomments&post=3767"}],"version-history":[{"count":9,"href":"https:\/\/www.safiro-unikatschmuck.de\/index.php?rest_route=\/wp\/v2\/pages\/3767\/revisions"}],"predecessor-version":[{"id":4093,"href":"https:\/\/www.safiro-unikatschmuck.de\/index.php?rest_route=\/wp\/v2\/pages\/3767\/revisions\/4093"}],"wp:attachment":[{"href":"https:\/\/www.safiro-unikatschmuck.de\/index.php?rest_route=%2Fwp%2Fv2%2Fmedia&parent=3767"}],"curies":[{"name":"wp","href":"https:\/\/api.w.org\/{rel}","templated":true}]}}