{"id":3770,"date":"2018-07-24T13:54:30","date_gmt":"2018-07-24T13:54:30","guid":{"rendered":"http:\/\/www.neu.safiro-unikatschmuck.de\/?page_id=3770"},"modified":"2023-11-06T16:00:35","modified_gmt":"2023-11-06T16:00:35","slug":"aktuelles-events","status":"publish","type":"page","link":"https:\/\/www.safiro-unikatschmuck.de\/?page_id=3770","title":{"rendered":"Aktuelles\/Events"},"content":{"rendered":"<p>[vc_row][vc_column]<div class=\"fl_custom_text_block  \" ><h3 style=\"text-align: center;\">AKTUELLES \/ EVENTS<\/h3>\n<\/div><div class=\"fl-single-img cf  \" id=\"fl_image_69f3196f82356\"  ><img src=\"https:\/\/www.safiro-unikatschmuck.de\/wp-content\/uploads\/2018\/07\/safiro_Ornament_1920.png\" alt=\"   \" class=\"fl_single-img\"><\/div>[vc_empty_space height=&#8220;45px&#8220;][\/vc_column][\/vc_row][vc_row][vc_column][vc_column_text]<p>[\/vc_column_text][vc_separator][\/vc_column][\/vc_row][vc_row][vc_column width=&#8220;1\/2&#8243;]<div class=\"fl_custom_text_block  \" ><div>\n<p>An alle Schmuckfans und Liebhaber von sch\u00f6nen Dingen<\/p>\n<p>Spontan beteilige ich mich an einem Event im<a href=\"https:\/\/stoffhaus-freising.de\/\" target=\"_blank\" rel=\"noopener\"><strong> STOFFHAUS<\/strong><\/a> und stelle dort aus.<\/p>\n<p><strong>Vom 23.-25.11.2023 \u00a0im <a href=\"https:\/\/stoffhaus-freising.de\/\" target=\"_blank\" rel=\"noopener\">STOFFHAUS<\/a><\/strong><br \/>\n85354 Freising &#8211; Bahnhofstr. 1<\/p>\n<table>\n<tbody>\n<tr>\n<td>Donnerstag mit \u00dcberraschungen<\/td>\n<td>11:00-19:00 Uhr<\/td>\n<\/tr>\n<tr>\n<td>Freitag<\/td>\n<td>11:00-18:00 Uhr<\/td>\n<\/tr>\n<tr>\n<td>Samstag<\/td>\n<td>10:00 -16:00 Uhr<\/td>\n<\/tr>\n<\/tbody>\n<\/table>\n<p>Ich freue mich auf ein Wiedersehen !<\/p>\n<\/div>\n<\/div>[\/vc_column][vc_column width=&#8220;1\/2&#8243;]<script type=\"text\/javascript\">\r\n        jQuery.noConflict()(document).ready( function() {\r\n            var img_slider = jQuery(\"#fl_image_slider_69f3196f82bdb\");\r\n            img_slider.imagesLoaded(function() {\r\n                img_slider.slick({\r\n                    autoplay: true,\r\n                    autoplaySpeed: 3000,\r\n                    speed: 900,\r\n                    infinite: false,\r\n                    slidesToShow: 1, \r\n                    slidesToScroll: 1, \r\n                    arrows: true,\r\n                    dots: true,\r\n                    dotsClass: \"fl-slider-dots\",\r\n                    appendDots: \"#fl-dots-fl_image_slider_69f3196f82bdb\",\r\n                    prevArrow: jQuery(\"#btn-fl_image_slider_69f3196f82bdb .fl-prev_slide_div .fl-prev\"),\r\n                    nextArrow: jQuery(\"#btn-fl_image_slider_69f3196f82bdb .fl-next_slide_div .fl-next\"),\r\n                    responsive: [\r\n                        {\r\n                            breakpoint: 600,\r\n                            settings: {\r\n                                slidesToShow: 1,\r\n                                slidesToScroll: 1\r\n                            }\r\n                        }\r\n                    ]\r\n                });\r\n            });\r\n        });\r\n    <\/script><div class=\"fl_slider_box   dots_in_slider cf\"><div class=\"fl-slider-img fl_slick_box \" id=\"fl_image_slider_69f3196f82bdb\"><div class=\"fl-slider-img-div fl_slick_slide\">\r\n                                    <div class=\"cf \">\r\n                                        <img src=\"https:\/\/www.safiro-unikatschmuck.de\/wp-content\/uploads\/2023\/11\/Safirkette1-500x512.jpg\" alt=\"\" class=\"fl_slider-img\">\r\n                    \r\n                                    <\/div>\r\n                                <\/div><div class=\"fl-slider-img-div fl_slick_slide\">\r\n                                    <div class=\"cf \">\r\n                                        <img src=\"https:\/\/www.safiro-unikatschmuck.de\/wp-content\/uploads\/2023\/11\/Ausstellung_Nov_20231-500x512.jpg\" alt=\"\" class=\"fl_slider-img\">\r\n                    \r\n                                    <\/div>\r\n                                <\/div><\/div>\r\n            <div class=\"fl-button-slider\" id=\"btn-fl_image_slider_69f3196f82bdb\">\r\n                <div class=\"fl-prev_slide_div cf\"><a class=\"fl-slide_button fl-prev\"><span style=\"background:#ffffff\"><\/span><span style=\"background:#ffffff\"><\/span><\/a><\/div>\r\n                <div class=\"fl-next_slide_div cf\"><a class=\"fl-slide_button fl-next\"><span style=\"background:#ffffff\"><\/span><span style=\"background:#ffffff\"><\/span><\/a><\/div>\r\n            <\/div> <div class=\"fl-dots style_one dots_in_slider\" id=\"fl-dots-fl_image_slider_69f3196f82bdb\"><\/div><style type=\"text\/css\">.fl_slider_box #fl-dots-fl_image_slider_69f3196f82bdb ul.fl-slider-dots li.slick-active button{background: #ffffff;}.fl_slider_box #fl-dots-fl_image_slider_69f3196f82bdb ul.fl-slider-dots li button{border: 2px solid #ffffff;}<\/style><\/div>[\/vc_column][\/vc_row][vc_row][vc_column][vc_column_text]<\/p>\n<p>[\/vc_column_text][vc_separator color=&#8220;black&#8220; css=&#8220;.vc_custom_1699286433503{padding-top: 20px !important;padding-bottom: 20px !important;}&#8220;][\/vc_column][\/vc_row][vc_row][vc_column width=&#8220;1\/2&#8243;]<script type=\"text\/javascript\">\r\n        jQuery.noConflict()(document).ready( function() {\r\n            var img_slider = jQuery(\"#fl_image_slider_69f3196f83640\");\r\n            img_slider.imagesLoaded(function() {\r\n                img_slider.slick({\r\n                    autoplay: true,\r\n                    autoplaySpeed: 3000,\r\n                    speed: 900,\r\n                    infinite: false,\r\n                    slidesToShow: 1, \r\n                    slidesToScroll: 1, \r\n                    arrows: true,\r\n                    dots: false,\r\n                    dotsClass: \"fl-slider-dots\",\r\n                    appendDots: \"#fl-dots-fl_image_slider_69f3196f83640\",\r\n                    prevArrow: jQuery(\"#btn-fl_image_slider_69f3196f83640 .fl-prev_slide_div .fl-prev\"),\r\n                    nextArrow: jQuery(\"#btn-fl_image_slider_69f3196f83640 .fl-next_slide_div .fl-next\"),\r\n                    responsive: [\r\n                        {\r\n                            breakpoint: 600,\r\n                            settings: {\r\n                                slidesToShow: 1,\r\n                                slidesToScroll: 1\r\n                            }\r\n                        }\r\n                    ]\r\n                });\r\n            });\r\n        });\r\n    <\/script><div class=\"fl_slider_box   dots_in_slider cf\"><div class=\"fl-slider-img fl_slick_box \" id=\"fl_image_slider_69f3196f83640\"><div class=\"fl-slider-img-div fl_slick_slide\">\r\n                                    <div class=\"cf \">\r\n                                        <img src=\"https:\/\/www.safiro-unikatschmuck.de\/wp-content\/uploads\/2020\/12\/Frozen-1_450.jpg\" alt=\"\" class=\"fl_slider-img\">\r\n                    \r\n                                    <\/div>\r\n                                <\/div><div class=\"fl-slider-img-div fl_slick_slide\">\r\n                                    <div class=\"cf \">\r\n                                        <img src=\"https:\/\/www.safiro-unikatschmuck.de\/wp-content\/uploads\/2020\/12\/Goldkugeln-1_450.jpg\" alt=\"\" class=\"fl_slider-img\">\r\n                    \r\n                                    <\/div>\r\n                                <\/div><\/div>\r\n            <div class=\"fl-button-slider\" id=\"btn-fl_image_slider_69f3196f83640\">\r\n                <div class=\"fl-prev_slide_div cf\"><a class=\"fl-slide_button fl-prev\"><span style=\"background:#ffffff\"><\/span><span style=\"background:#ffffff\"><\/span><\/a><\/div>\r\n                <div class=\"fl-next_slide_div cf\"><a class=\"fl-slide_button fl-next\"><span style=\"background:#ffffff\"><\/span><span style=\"background:#ffffff\"><\/span><\/a><\/div>\r\n            <\/div><\/div>[\/vc_column][vc_column width=&#8220;1\/2&#8243;]<div class=\"fl_custom_text_block  \" ><h4>Leider f\u00e4llt die allj\u00e4hrliche Januar Ausstellung im Alten Gef\u00e4ngnis Freising wegen der Corona Pandemie 2021 aus.<\/h4>\n<p>Sollte sie zu einem sp\u00e4teren Zeitpunkt nachgeholt werden, k\u00fcndige ich das nat\u00fcrlich an.<\/p>\n<p>Ich freue mich dennoch, wenn ihr liebe Kunden und Freunde Schmuckbedarf habt. Schickt mir eine Mail mit euren W\u00fcnschen und gerne mache ich einen Termin mit euch aus.<\/p>\n<p>Bleibt gesund und hoffentlich bis bald !<\/p>\n<p>Ihre\/Eure Petra Holzmann El Helaly<\/p>\n<\/div>[\/vc_column][\/vc_row][vc_row][vc_column][vc_column_text]<\/p>\n<\/p>\n<p>[\/vc_column_text][\/vc_column][\/vc_row][vc_row][vc_column][vc_empty_space height=&#8220;45px&#8220;][vc_separator color=&#8220;custom&#8220; accent_color=&#8220;#094b84&#8243;][vc_empty_space height=&#8220;30px&#8220;][\/vc_column][\/vc_row][vc_row][vc_column][vc_column_text][\/vc_column_text][\/vc_column][\/vc_row][vc_row][vc_column][vc_column_text]<\/p>\n<p>[\/vc_column_text][\/vc_column][\/vc_row][vc_row][vc_column width=&#8220;1\/2&#8243;]<div class=\"fl_custom_text_block  \" ><h4>Liebe Kunden, Freunde und Schmuckinteressierte,<\/h4>\n<p>ich freue mich \u00fcber das rege Interesse und die vielen Besucher auf der<br \/>\nletzten Ausstellung im Januar 2020 im Alten Gef\u00e4ngnis. Es war wieder insgesamt eine tolle Athmosph\u00e4re und hat uns Ausstellern gro\u00dfen Spa\u00df gemacht mit euch !<br \/>\nKlar ist die n\u00e4chste Ausstellung wieder im Januar 2021 schon in Planung .<\/p>\n<\/div>[\/vc_column][vc_column width=&#8220;1\/2&#8243;]<script type=\"text\/javascript\">\r\n        jQuery.noConflict()(document).ready( function() {\r\n            var img_slider = jQuery(\"#fl_image_slider_69f3196f84333\");\r\n            img_slider.imagesLoaded(function() {\r\n                img_slider.slick({\r\n                    autoplay: true,\r\n                    autoplaySpeed: 3000,\r\n                    speed: 900,\r\n                    infinite: false,\r\n                    slidesToShow: 1, \r\n                    slidesToScroll: 1, \r\n                    arrows: true,\r\n                    dots: false,\r\n                    dotsClass: \"fl-slider-dots\",\r\n                    appendDots: \"#fl-dots-fl_image_slider_69f3196f84333\",\r\n                    prevArrow: jQuery(\"#btn-fl_image_slider_69f3196f84333 .fl-prev_slide_div .fl-prev\"),\r\n                    nextArrow: jQuery(\"#btn-fl_image_slider_69f3196f84333 .fl-next_slide_div .fl-next\"),\r\n                    responsive: [\r\n                        {\r\n                            breakpoint: 600,\r\n                            settings: {\r\n                                slidesToShow: 1,\r\n                                slidesToScroll: 1\r\n                            }\r\n                        }\r\n                    ]\r\n                });\r\n            });\r\n        });\r\n    <\/script><div class=\"fl_slider_box   dots_in_slider cf\"><div class=\"fl-slider-img fl_slick_box \" id=\"fl_image_slider_69f3196f84333\"><div class=\"fl-slider-img-div fl_slick_slide\">\r\n                                    <div class=\"cf \">\r\n                                        <img src=\"https:\/\/www.safiro-unikatschmuck.de\/wp-content\/uploads\/2020\/04\/Ring_Silber-_rote_Glasblume_450.jpg\" alt=\"\" class=\"fl_slider-img\">\r\n                    \r\n                                    <\/div>\r\n                                <\/div><div class=\"fl-slider-img-div fl_slick_slide\">\r\n                                    <div class=\"cf \">\r\n                                        <img src=\"https:\/\/www.safiro-unikatschmuck.de\/wp-content\/uploads\/2020\/04\/Keshiperlen_Silber_Lapislazuli_450.jpg\" alt=\"\" class=\"fl_slider-img\">\r\n                    \r\n                                    <\/div>\r\n                                <\/div><\/div>\r\n            <div class=\"fl-button-slider\" id=\"btn-fl_image_slider_69f3196f84333\">\r\n                <div class=\"fl-prev_slide_div cf\"><a class=\"fl-slide_button fl-prev\"><span style=\"background:#ffffff\"><\/span><span style=\"background:#ffffff\"><\/span><\/a><\/div>\r\n                <div class=\"fl-next_slide_div cf\"><a class=\"fl-slide_button fl-next\"><span style=\"background:#ffffff\"><\/span><span style=\"background:#ffffff\"><\/span><\/a><\/div>\r\n            <\/div><\/div>[\/vc_column][\/vc_row][vc_row][vc_column][vc_column_text]<\/p>\n<\/p>\n<p>[\/vc_column_text][\/vc_column][\/vc_row][vc_row][vc_column][vc_empty_space height=&#8220;45px&#8220;][vc_separator color=&#8220;custom&#8220; accent_color=&#8220;#094b84&#8243;][vc_empty_space height=&#8220;30px&#8220;][\/vc_column][\/vc_row][vc_row][vc_column][vc_column_text][\/vc_column_text][\/vc_column][\/vc_row][vc_row][vc_column][vc_column_text]<\/p>\n<p>[\/vc_column_text][\/vc_column][\/vc_row][vc_row][vc_column width=&#8220;1\/2&#8243;][vc_column_text]<\/p>\n<h4><strong>10. bis 19. Januar 2020<br \/>\nHAND-WERK-KUNST 2020<\/strong><\/h4>\n<p>Es ist jetzt nicht mehr lange hin bis zur Ausstellung Hand-Werk-Kunst 2020! Am Freitag, 10. Januar um 19:00 Uhr wird die Ausstellung mit einer Vernissage er\u00f6ffnet. Frau B\u00fcrgermeisterin Eva B\u00f6nig wird einf\u00fchrende Worte sprechen und musikalisch wird die Vernissage von H\u00e4ns Czernik und Lisa umrahmt. Ich werde nat\u00fcrlich wieder viele sch\u00f6ne und neue Unikat-Schmuckst\u00fccke aus meiner Werkstatt zeigen. Und so freue ich mich schon sehr auf Ihr\/Euer Kommen.<\/p>\n<p>Ihre\/Eure Petra Holzmann El Helaly[\/vc_column_text][vc_single_image image=&#8220;4170&#8243;][\/vc_column][vc_column width=&#8220;1\/2&#8243;]<div class=\"fl-single-img cf  \" id=\"fl_image_69f3196f84d47\"  ><img src=\"https:\/\/www.safiro-unikatschmuck.de\/wp-content\/uploads\/2019\/12\/20191003_122157.jpg\" alt=\"   \" class=\"fl_single-img\"><\/div>[vc_empty_space]<div class=\"fl-single-img cf  \" id=\"fl_image_69f3196f85348\"  ><img src=\"https:\/\/www.safiro-unikatschmuck.de\/wp-content\/uploads\/2019\/12\/Ausstellung_2020_social-800x783.jpg\" alt=\"   \" class=\"fl_single-img\"><\/div>[\/vc_column][\/vc_row][vc_row][vc_column][vc_column_text]<\/p>\n<\/p>\n<p>[\/vc_column_text][\/vc_column][\/vc_row][vc_row][vc_column][vc_empty_space height=&#8220;45px&#8220;][vc_separator color=&#8220;custom&#8220; accent_color=&#8220;#094b84&#8243;][vc_empty_space height=&#8220;30px&#8220;][\/vc_column][\/vc_row][vc_row][vc_column][vc_column_text][\/vc_column_text][\/vc_column][\/vc_row][vc_row][vc_column][vc_column_text]<\/p>\n<p>[\/vc_column_text][\/vc_column][\/vc_row][vc_row][vc_column width=&#8220;1\/2&#8243;]<div class=\"fl_custom_text_block  \" ><h4>Hand-Werk-Kunst 2018<\/h4>\n<p>Im Januar 2018 war SAFIRO Unikatschmuck bei der Ausstellung HAND-WERK-KUNST im Alten Gef\u00e4ngnis in Freising mit dabei. Auch im im Januar 2019 werde ich wieder bei der Ausstellung dabei sein. Den genauen Termin erfahren Sie rechtzeitig.<\/p>\n<p>Ihre \/ Eure Petra Holzmann El Helaly<\/p>\n<\/div>[\/vc_column][vc_column width=&#8220;1\/2&#8243;]<div class=\"fl-single-img cf  \" id=\"fl_image_69f3196f857fb\"  ><img src=\"https:\/\/www.safiro-unikatschmuck.de\/wp-content\/uploads\/2018\/07\/hand-werk-kunst-2018.jpg\" alt=\"   \" class=\"fl_single-img\"><\/div>[\/vc_column][\/vc_row][vc_row][vc_column][vc_column_text]<\/p>\n<\/p>\n<p>[\/vc_column_text][\/vc_column][\/vc_row][vc_row][vc_column][vc_empty_space height=&#8220;45px&#8220;][vc_separator color=&#8220;custom&#8220; accent_color=&#8220;#094b84&#8243;][vc_empty_space height=&#8220;30px&#8220;][\/vc_column][\/vc_row][vc_row][vc_column][vc_column_text][\/vc_column_text][\/vc_column][\/vc_row][vc_row][vc_column][vc_column_text]<\/p>\n<p>[\/vc_column_text][\/vc_column][\/vc_row][vc_row][vc_column width=&#8220;1\/2&#8243;][vc_column_text]<\/p>\n<h4><strong>11. bis 20. Januar 2019<br \/>\nHAND-WERK-KUNST 2019<\/strong><\/h4>\n<p>Herzlichen Dank f\u00fcr Ihren\/Euren Besuch bei der Ausstellung Hand-Werk-Kunst 2019! Es war toll, dass wieder so viele Interessierte ins Alte Gef\u00e4ngnis gekommen sind. Das positive Feedback zu meinen Schmuckst\u00fccken hat mich riesig gefreut! Ich freue mich schon darauf, Sie\/Euch sp\u00e4testens im Januar 2020 bei der Ausstellung Hand-Werk-Kunst 2020 gesund und munter wieder zu sehen.<\/p>\n<p>Ihre\/Eure Petra Holzmann El Helaly[\/vc_column_text][vc_single_image image=&#8220;4126&#8243;][vc_single_image image=&#8220;4132&#8243;][\/vc_column][vc_column width=&#8220;1\/2&#8243;]<div class=\"fl-single-img cf  \" id=\"fl_image_69f3196f85e43\"  ><img src=\"https:\/\/www.safiro-unikatschmuck.de\/wp-content\/uploads\/2019\/07\/Gefaengnis_2019-d.jpg\" alt=\"   \" class=\"fl_single-img\"><\/div>[\/vc_column][\/vc_row][vc_row][vc_column][vc_column_text]<\/p>\n<\/p>\n<p>[\/vc_column_text][\/vc_column][\/vc_row][vc_section][\/vc_section][vc_row][vc_column][vc_column_text][\/vc_column_text][\/vc_column][\/vc_row][vc_row][vc_column][vc_column_text]<\/p>\n[\/vc_column_text][\/vc_column][\/vc_row]<\/p>\n","protected":false},"excerpt":{"rendered":"<p>[vc_row][vc_column][vc_empty_space height=&#8220;45px&#8220;][\/vc_column][\/vc_row][vc_row][vc_column][vc_column_text][\/vc_column_text][\/vc_column][\/vc_row]<\/p>\n","protected":false},"author":1,"featured_media":0,"parent":0,"menu_order":0,"comment_status":"closed","ping_status":"closed","template":"","meta":[],"_links":{"self":[{"href":"https:\/\/www.safiro-unikatschmuck.de\/index.php?rest_route=\/wp\/v2\/pages\/3770"}],"collection":[{"href":"https:\/\/www.safiro-unikatschmuck.de\/index.php?rest_route=\/wp\/v2\/pages"}],"about":[{"href":"https:\/\/www.safiro-unikatschmuck.de\/index.php?rest_route=\/wp\/v2\/types\/page"}],"author":[{"embeddable":true,"href":"https:\/\/www.safiro-unikatschmuck.de\/index.php?rest_route=\/wp\/v2\/users\/1"}],"replies":[{"embeddable":true,"href":"https:\/\/www.safiro-unikatschmuck.de\/index.php?rest_route=%2Fwp%2Fv2%2Fcomments&post=3770"}],"version-history":[{"count":53,"href":"https:\/\/www.safiro-unikatschmuck.de\/index.php?rest_route=\/wp\/v2\/pages\/3770\/revisions"}],"predecessor-version":[{"id":4501,"href":"https:\/\/www.safiro-unikatschmuck.de\/index.php?rest_route=\/wp\/v2\/pages\/3770\/revisions\/4501"}],"wp:attachment":[{"href":"https:\/\/www.safiro-unikatschmuck.de\/index.php?rest_route=%2Fwp%2Fv2%2Fmedia&parent=3770"}],"curies":[{"name":"wp","href":"https:\/\/api.w.org\/{rel}","templated":true}]}}