{"id":3778,"date":"2018-07-24T14:16:35","date_gmt":"2018-07-24T14:16:35","guid":{"rendered":"http:\/\/www.neu.safiro-unikatschmuck.de\/?page_id=3778"},"modified":"2018-09-13T14:47:21","modified_gmt":"2018-09-13T14:47:21","slug":"impressum","status":"publish","type":"page","link":"https:\/\/www.safiro-unikatschmuck.de\/?page_id=3778","title":{"rendered":"Impressum"},"content":{"rendered":"<p>[vc_row][vc_column]<div class=\"fl_custom_text_block  \" ><h3 style=\"text-align: center;\">IMPRESSUM<\/h3>\n<\/div><div class=\"fl-single-img cf  \" id=\"fl_image_69f31a9bd8932\"  ><img src=\"https:\/\/www.safiro-unikatschmuck.de\/wp-content\/uploads\/2018\/07\/safiro_Ornament_1920.png\" alt=\"   \" class=\"fl_single-img\"><\/div>[vc_empty_space height=&#8220;45px&#8220;][\/vc_column][\/vc_row][vc_row][vc_column width=&#8220;1\/2&#8243;][vc_column_text]<\/p>\n<div class=\"ce_text ce_text_size_medium autogrid-id_19159 autogrid-type_cte autogrid-first n2 one_half autogrid_mode_auto autogrid block\">\n<h4>SAFIRO Unikatschmuck &#8211; Art Jewelery<br \/>\nPetra Holzmann El Helaly<\/h4>\n<p>Hochstra\u00dfe 33<br \/>\n85395 Wolfersdorf<\/p>\n<p><em class=\"fa fa-phone\">\u00a0<\/em><strong>Telefon:<\/strong>\u00a0+49 152 36 310 118<\/p>\n<p><em class=\"fa fa-envelope\">\u00a0<\/em>safiroelhelaly@yahoo.de<\/p>\n<p><strong>Verantwortlich f\u00fcr den Inhalt gem\u00e4\u00df TDG und MDStV:<\/strong><br \/>\nPetra Holzmann El Helaly (Kontaktdaten wie oben)<\/p>\n<p><strong>Design, Konzeption und Realisierung:<br \/>\n<\/strong>Pantos Design &amp; Communication, M\u00fcnchen<strong><br \/>\n<\/strong><\/p>\n<\/div>\n<p>[\/vc_column_text][\/vc_column][\/vc_row][vc_row][vc_column]<div class=\"fl_custom_text_block  \" ><h4 style=\"text-align: center;\"><strong>RECHTSHINWEIS<\/strong><\/h4>\n<p>&nbsp;<\/p>\n<p><strong>Haftung f\u00fcr Inhalte:<\/strong><\/p>\n<p><strong>1. Inhalt des Onlineangebotes<\/strong><\/p>\n<p>Als Dienstanbieter sind wir nach \u00a7 7 Abs.1 Telemediengesetz (TMG) f\u00fcr eigene Inhalte auf diesen Seiten nach den allgemeinen Gesetzen verantwortlich. Nach \u00a7\u00a7 8 bis 10 TMG sind wir als Dienstanbieter aber nicht verpflichtet, \u00fcbermittelte oder gespeicherte fremde Informationen zu \u00fcberwachen oder nach Umst\u00e4nden zu forschen, die auf eine rechtswidrige T\u00e4tigkeit hinweisen. Verpflichtungen zur Entfernung oder Sperrung der Nutzung von Informationen nach den allgemeinen Gesetzen bleiben hiervon unber\u00fchrt. Eine diesbez\u00fcgliche Haftung ist jedoch erst ab dem Zeitpunkt der Kenntnis einer konkreten Rechtsverletzung m\u00f6glich. Bei Bekanntwerden von entsprechenden Rechtsverletzungen werden wir diese Inhalte umgehend entfernen.<\/p>\n<p><strong>2. Verweise und Links<br \/>\n<\/strong><br \/>\nUnser Angebot enth\u00e4lt Links zu externen Websites Dritter, auf deren Inhalte wir keinen Einfluss haben. Daher k\u00f6nnen wir f\u00fcr diese fremden Inhalte auch keine Gew\u00e4hr \u00fcbernehmen. F\u00fcr die Inhalte der verlinkten Seiten ist stets der jeweilige Anbieter\/Betreiber der Seiten verantwortlich. Die verlinkten Seiten wurden zum Zeitpunkt der Verlinkung auf m\u00f6gliche Rechtsverst\u00f6\u00dfe \u00fcberpr\u00fcft. Rechtswidrige Inhalte waren zum Zeitpunkt der Verlinkung nicht erkennbar. Eine permanente inhaltliche Kontrolle der verlinkten Seiten ist jedoch ohne konkrete Anhaltspunkte einer Rechtsverletzung nicht zumutbar. Bei Bekanntwerden von Rechtsverletzungen werden wir derartige Links umgehend entfernen.<\/p>\n<p><strong>3. Urheber- und Kennzeichenrecht<\/strong><\/p>\n<p>Die durch die Seitenbetreiber erstellten Inhalte und Werke auf diesen Seiten unterliegen dem deutschen Urheberrecht. Die Vervielf\u00e4ltigung, Bearbeitung, Verbreitung und jede Art der Verwertung au\u00dferhalb der Grenzen des Urheberrechtes bed\u00fcrfen der schriftlichen Zustimmung des jeweiligen Autors bzw. Erstellers. Downloads und Kopien dieser Seite sind nur f\u00fcr den privaten, nicht kommerziellen Gebrauch.<\/p>\n<p><strong>4. Rechtswirksamkeit dieses Haftungsausschlusse<\/strong>s<\/p>\n<p>Dieser Haftungsausschluss ist als Teil des Internetangebotes zu betrachten, von dem aus auf diese Seite verwiesen wurde. Sofern Teile oder einzelne Formulierungen dieses Textes der geltenden Rechtslage nicht, nicht mehr oder nicht vollst\u00e4ndig entsprechen sollten, bleiben die \u00fcbrigen Teile des Dokumentes in ihrem Inhalt und ihrer G\u00fcltigkeit<\/p>\n<\/div>[\/vc_column][\/vc_row]<\/p>\n","protected":false},"excerpt":{"rendered":"<p>[vc_row][vc_column][vc_empty_space height=&#8220;45px&#8220;][\/vc_column][\/vc_row][vc_row][vc_column width=&#8220;1\/2&#8243;][vc_column_text] SAFIRO Unikatschmuck &#8211; Art Jewelery Petra Holzmann El Helaly Hochstra\u00dfe 33 85395 Wolfersdorf \u00a0Telefon:\u00a0+49 152 36 310 118 \u00a0safiroelhelaly@yahoo.de Verantwortlich f\u00fcr den Inhalt gem\u00e4\u00df TDG und MDStV: Petra Holzmann El Helaly (Kontaktdaten wie oben) Design, Konzeption und Realisierung: Pantos Design &amp; Communication, M\u00fcnchen [\/vc_column_text][\/vc_column][\/vc_row][vc_row][vc_column][\/vc_column][\/vc_row]<\/p>\n","protected":false},"author":1,"featured_media":0,"parent":0,"menu_order":0,"comment_status":"closed","ping_status":"closed","template":"","meta":[],"_links":{"self":[{"href":"https:\/\/www.safiro-unikatschmuck.de\/index.php?rest_route=\/wp\/v2\/pages\/3778"}],"collection":[{"href":"https:\/\/www.safiro-unikatschmuck.de\/index.php?rest_route=\/wp\/v2\/pages"}],"about":[{"href":"https:\/\/www.safiro-unikatschmuck.de\/index.php?rest_route=\/wp\/v2\/types\/page"}],"author":[{"embeddable":true,"href":"https:\/\/www.safiro-unikatschmuck.de\/index.php?rest_route=\/wp\/v2\/users\/1"}],"replies":[{"embeddable":true,"href":"https:\/\/www.safiro-unikatschmuck.de\/index.php?rest_route=%2Fwp%2Fv2%2Fcomments&post=3778"}],"version-history":[{"count":7,"href":"https:\/\/www.safiro-unikatschmuck.de\/index.php?rest_route=\/wp\/v2\/pages\/3778\/revisions"}],"predecessor-version":[{"id":4013,"href":"https:\/\/www.safiro-unikatschmuck.de\/index.php?rest_route=\/wp\/v2\/pages\/3778\/revisions\/4013"}],"wp:attachment":[{"href":"https:\/\/www.safiro-unikatschmuck.de\/index.php?rest_route=%2Fwp%2Fv2%2Fmedia&parent=3778"}],"curies":[{"name":"wp","href":"https:\/\/api.w.org\/{rel}","templated":true}]}}