{"id":3977,"date":"2018-09-07T14:26:17","date_gmt":"2018-09-07T14:26:17","guid":{"rendered":"http:\/\/www.safiro-unikatschmuck.de\/?page_id=3977"},"modified":"2018-10-25T08:37:31","modified_gmt":"2018-10-25T08:37:31","slug":"home","status":"publish","type":"page","link":"https:\/\/www.safiro-unikatschmuck.de\/","title":{"rendered":"Herzlich Willkommen bei SAFIRO Unikatschmuck"},"content":{"rendered":"<p>[vc_row][vc_column]<div class=\"fl_custom_text_block  \" ><p>Willkommen auf meiner Website.<\/p>\n<p>Ich lade Sie ein auf einen Rundgang durch eine kleine Auswahl meiner Schmuckst\u00fccke.<\/p>\n<p>Manche sind noch zu haben \u2013 Neuanfertigungen sind in Anlehnung bereits verkaufter m\u00f6glich. Mit pr\u00e4zisem handwerklichen K\u00f6nnen entstehen aus edlen und besonderen Materialien Unikate f\u00fcr Sie. Das hochwertige Material, Ketten und Edelsteine sind liebevoll und sorgf\u00e4ltig von mir ausgesucht und zusammengef\u00fcgt. Schmuck soll tragbar, zeitlos in k\u00fcnstlerisch anspruchsvollstem Design und doch mit dem ein oder anderen extravaganten Detail versehen sein, um Ihnen lange Freude zu machen.<\/p>\n<p>Gerne fertige ich auch nach Ihren W\u00fcnschen ihr pers\u00f6nliches Lieblingsst\u00fcck in meiner Goldschmiedewerkstatt in der N\u00e4he von Freising.<\/p>\n<p>Viel Spa\u00df beim Anschauen!<\/p>\n<p>Ihre Petra Holzmann El Helaly<\/p>\n<\/div>[vc_empty_space height=&#8220;45px&#8220;][\/vc_column][\/vc_row][vc_row][vc_column]\r\n\r\n\r\n    <div class=\"fl_content_story-vc  \">\r\n        <div class=\"fl_content-vc\">\r\n\r\n            \r\n                <div class=\"fl-work-grid-style  cbp cf\" id=\"fl-work-69f30cd601840\">\r\n                    \r\n                    <article class=\"fl-work-box cbp-item item cf post-3943 works type-works status-publish has-post-thumbnail hentry works-category-ringe\" id=\"work-3943\" data-post-id=\"3943\">\r\n                        <div class=\"fl-work-thumbnail \">\r\n                                    <img src=\"https:\/\/www.safiro-unikatschmuck.de\/wp-content\/uploads\/2018\/09\/ring-handwerkkunst-350.jpg\" class=\"attachment-size_1000x800_crop size-size_1000x800_crop wp-post-image\" alt=\"\" decoding=\"async\" loading=\"lazy\" srcset=\"https:\/\/www.safiro-unikatschmuck.de\/wp-content\/uploads\/2018\/09\/ring-handwerkkunst-350.jpg 350w, https:\/\/www.safiro-unikatschmuck.de\/wp-content\/uploads\/2018\/09\/ring-handwerkkunst-350-300x257.jpg 300w, https:\/\/www.safiro-unikatschmuck.de\/wp-content\/uploads\/2018\/09\/ring-handwerkkunst-350-48x41.jpg 48w, https:\/\/www.safiro-unikatschmuck.de\/wp-content\/uploads\/2018\/09\/ring-handwerkkunst-350-60x51.jpg 60w, https:\/\/www.safiro-unikatschmuck.de\/wp-content\/uploads\/2018\/09\/ring-handwerkkunst-350-80x69.jpg 80w, https:\/\/www.safiro-unikatschmuck.de\/wp-content\/uploads\/2018\/09\/ring-handwerkkunst-350-90x77.jpg 90w, https:\/\/www.safiro-unikatschmuck.de\/wp-content\/uploads\/2018\/09\/ring-handwerkkunst-350-150x129.jpg 150w, https:\/\/www.safiro-unikatschmuck.de\/wp-content\/uploads\/2018\/09\/ring-handwerkkunst-350-190x163.jpg 190w\" sizes=\"(max-width: 350px) 100vw, 350px\" \/>                        <\/div>\r\n                                                        <a href=\"https:\/\/www.safiro-unikatschmuck.de\/?works=ringe\" class=\"fl-work-link\"><\/a>\r\n                            <div class=\"fl-work-mask fl-mask-animation-one\">\r\n                                    <div class=\"fl-work-info fl-mask-txt-animation-one\">\r\n                                        <h4 class=\"fl-work-title\"><a class=\"fl-work-title-link\" href=\"https:\/\/www.safiro-unikatschmuck.de\/?works=ringe\">Ringe f\u00fcr besondere und alle Tage<\/a><\/h4>\r\n                                        <div class=\"fl-work-category\">Ringe<\/div>\r\n                                    <\/div>\r\n                            <\/div>\r\n                                               <\/article>\r\n\r\n\r\n                        \r\n                    <article class=\"fl-work-box cbp-item item cf post-3941 works type-works status-publish has-post-thumbnail hentry works-category-armschmuck\" id=\"work-3941\" data-post-id=\"3941\">\r\n                        <div class=\"fl-work-thumbnail \">\r\n                                    <img src=\"https:\/\/www.safiro-unikatschmuck.de\/wp-content\/uploads\/2018\/07\/Armband_350-300.jpg\" class=\"attachment-size_1000x800_crop size-size_1000x800_crop wp-post-image\" alt=\"\" decoding=\"async\" loading=\"lazy\" srcset=\"https:\/\/www.safiro-unikatschmuck.de\/wp-content\/uploads\/2018\/07\/Armband_350-300.jpg 350w, https:\/\/www.safiro-unikatschmuck.de\/wp-content\/uploads\/2018\/07\/Armband_350-300-300x257.jpg 300w, https:\/\/www.safiro-unikatschmuck.de\/wp-content\/uploads\/2018\/07\/Armband_350-300-48x41.jpg 48w, https:\/\/www.safiro-unikatschmuck.de\/wp-content\/uploads\/2018\/07\/Armband_350-300-60x51.jpg 60w, https:\/\/www.safiro-unikatschmuck.de\/wp-content\/uploads\/2018\/07\/Armband_350-300-80x69.jpg 80w, https:\/\/www.safiro-unikatschmuck.de\/wp-content\/uploads\/2018\/07\/Armband_350-300-90x77.jpg 90w, https:\/\/www.safiro-unikatschmuck.de\/wp-content\/uploads\/2018\/07\/Armband_350-300-150x129.jpg 150w, https:\/\/www.safiro-unikatschmuck.de\/wp-content\/uploads\/2018\/07\/Armband_350-300-190x163.jpg 190w\" sizes=\"(max-width: 350px) 100vw, 350px\" \/>                        <\/div>\r\n                                                        <a href=\"https:\/\/www.safiro-unikatschmuck.de\/?works=armschmuck\" class=\"fl-work-link\"><\/a>\r\n                            <div class=\"fl-work-mask fl-mask-animation-one\">\r\n                                    <div class=\"fl-work-info fl-mask-txt-animation-one\">\r\n                                        <h4 class=\"fl-work-title\"><a class=\"fl-work-title-link\" href=\"https:\/\/www.safiro-unikatschmuck.de\/?works=armschmuck\">F\u00fcr Ihren Arm der perfekte Schmuck.<\/a><\/h4>\r\n                                        <div class=\"fl-work-category\">Armschmuck<\/div>\r\n                                    <\/div>\r\n                            <\/div>\r\n                                               <\/article>\r\n\r\n\r\n                        \r\n                    <article class=\"fl-work-box cbp-item item cf post-3934 works type-works status-publish has-post-thumbnail hentry works-category-ketten\" id=\"work-3934\" data-post-id=\"3934\">\r\n                        <div class=\"fl-work-thumbnail \">\r\n                                    <img src=\"https:\/\/www.safiro-unikatschmuck.de\/wp-content\/uploads\/2018\/07\/Kette-Armkettchen-350.jpg\" class=\"attachment-size_1000x800_crop size-size_1000x800_crop wp-post-image\" alt=\"\" decoding=\"async\" loading=\"lazy\" srcset=\"https:\/\/www.safiro-unikatschmuck.de\/wp-content\/uploads\/2018\/07\/Kette-Armkettchen-350.jpg 350w, https:\/\/www.safiro-unikatschmuck.de\/wp-content\/uploads\/2018\/07\/Kette-Armkettchen-350-300x257.jpg 300w, https:\/\/www.safiro-unikatschmuck.de\/wp-content\/uploads\/2018\/07\/Kette-Armkettchen-350-48x41.jpg 48w, https:\/\/www.safiro-unikatschmuck.de\/wp-content\/uploads\/2018\/07\/Kette-Armkettchen-350-60x51.jpg 60w, https:\/\/www.safiro-unikatschmuck.de\/wp-content\/uploads\/2018\/07\/Kette-Armkettchen-350-80x69.jpg 80w, https:\/\/www.safiro-unikatschmuck.de\/wp-content\/uploads\/2018\/07\/Kette-Armkettchen-350-90x77.jpg 90w, https:\/\/www.safiro-unikatschmuck.de\/wp-content\/uploads\/2018\/07\/Kette-Armkettchen-350-150x129.jpg 150w, https:\/\/www.safiro-unikatschmuck.de\/wp-content\/uploads\/2018\/07\/Kette-Armkettchen-350-190x163.jpg 190w\" sizes=\"(max-width: 350px) 100vw, 350px\" \/>                        <\/div>\r\n                                                        <a href=\"https:\/\/www.safiro-unikatschmuck.de\/?works=halsschmuck\" class=\"fl-work-link\"><\/a>\r\n                            <div class=\"fl-work-mask fl-mask-animation-one\">\r\n                                    <div class=\"fl-work-info fl-mask-txt-animation-one\">\r\n                                        <h4 class=\"fl-work-title\"><a class=\"fl-work-title-link\" href=\"https:\/\/www.safiro-unikatschmuck.de\/?works=halsschmuck\">Halsschmuck \u2013 Ketten in Ihrem Stil<\/a><\/h4>\r\n                                        <div class=\"fl-work-category\">Ketten<\/div>\r\n                                    <\/div>\r\n                            <\/div>\r\n                                               <\/article>\r\n\r\n\r\n                        \r\n                    <article class=\"fl-work-box cbp-item item cf post-3926 works type-works status-publish has-post-thumbnail hentry works-category-ohrschmuck\" id=\"work-3926\" data-post-id=\"3926\">\r\n                        <div class=\"fl-work-thumbnail \">\r\n                                    <img src=\"https:\/\/www.safiro-unikatschmuck.de\/wp-content\/uploads\/2018\/07\/AG-Haenger-kl-Perlen-350.jpg\" class=\"attachment-size_1000x800_crop size-size_1000x800_crop wp-post-image\" alt=\"\" decoding=\"async\" loading=\"lazy\" srcset=\"https:\/\/www.safiro-unikatschmuck.de\/wp-content\/uploads\/2018\/07\/AG-Haenger-kl-Perlen-350.jpg 350w, https:\/\/www.safiro-unikatschmuck.de\/wp-content\/uploads\/2018\/07\/AG-Haenger-kl-Perlen-350-300x257.jpg 300w, https:\/\/www.safiro-unikatschmuck.de\/wp-content\/uploads\/2018\/07\/AG-Haenger-kl-Perlen-350-48x41.jpg 48w, https:\/\/www.safiro-unikatschmuck.de\/wp-content\/uploads\/2018\/07\/AG-Haenger-kl-Perlen-350-60x51.jpg 60w, https:\/\/www.safiro-unikatschmuck.de\/wp-content\/uploads\/2018\/07\/AG-Haenger-kl-Perlen-350-80x69.jpg 80w, https:\/\/www.safiro-unikatschmuck.de\/wp-content\/uploads\/2018\/07\/AG-Haenger-kl-Perlen-350-90x77.jpg 90w, https:\/\/www.safiro-unikatschmuck.de\/wp-content\/uploads\/2018\/07\/AG-Haenger-kl-Perlen-350-150x129.jpg 150w, https:\/\/www.safiro-unikatschmuck.de\/wp-content\/uploads\/2018\/07\/AG-Haenger-kl-Perlen-350-190x163.jpg 190w\" sizes=\"(max-width: 350px) 100vw, 350px\" \/>                        <\/div>\r\n                                                        <a href=\"https:\/\/www.safiro-unikatschmuck.de\/?works=ohrschmuck\" class=\"fl-work-link\"><\/a>\r\n                            <div class=\"fl-work-mask fl-mask-animation-one\">\r\n                                    <div class=\"fl-work-info fl-mask-txt-animation-one\">\r\n                                        <h4 class=\"fl-work-title\"><a class=\"fl-work-title-link\" href=\"https:\/\/www.safiro-unikatschmuck.de\/?works=ohrschmuck\">Ohrschmuck wie Sie ihn lieben<\/a><\/h4>\r\n                                        <div class=\"fl-work-category\">Ohrschmuck<\/div>\r\n                                    <\/div>\r\n                            <\/div>\r\n                                               <\/article>\r\n\r\n\r\n                        \r\n                    <article class=\"fl-work-box cbp-item item cf post-3922 works type-works status-publish has-post-thumbnail hentry works-category-perlen\" id=\"work-3922\" data-post-id=\"3922\">\r\n                        <div class=\"fl-work-thumbnail \">\r\n                                    <img src=\"https:\/\/www.safiro-unikatschmuck.de\/wp-content\/uploads\/2018\/07\/Perlha\u0308nger-350.jpg\" class=\"attachment-size_1000x800_crop size-size_1000x800_crop wp-post-image\" alt=\"\" decoding=\"async\" loading=\"lazy\" srcset=\"https:\/\/www.safiro-unikatschmuck.de\/wp-content\/uploads\/2018\/07\/Perlha\u0308nger-350.jpg 350w, https:\/\/www.safiro-unikatschmuck.de\/wp-content\/uploads\/2018\/07\/Perlha\u0308nger-350-300x257.jpg 300w, https:\/\/www.safiro-unikatschmuck.de\/wp-content\/uploads\/2018\/07\/Perlha\u0308nger-350-48x41.jpg 48w, https:\/\/www.safiro-unikatschmuck.de\/wp-content\/uploads\/2018\/07\/Perlha\u0308nger-350-60x51.jpg 60w, https:\/\/www.safiro-unikatschmuck.de\/wp-content\/uploads\/2018\/07\/Perlha\u0308nger-350-80x69.jpg 80w, https:\/\/www.safiro-unikatschmuck.de\/wp-content\/uploads\/2018\/07\/Perlha\u0308nger-350-90x77.jpg 90w, https:\/\/www.safiro-unikatschmuck.de\/wp-content\/uploads\/2018\/07\/Perlha\u0308nger-350-150x129.jpg 150w, https:\/\/www.safiro-unikatschmuck.de\/wp-content\/uploads\/2018\/07\/Perlha\u0308nger-350-190x163.jpg 190w\" sizes=\"(max-width: 350px) 100vw, 350px\" \/>                        <\/div>\r\n                                                        <a href=\"https:\/\/www.safiro-unikatschmuck.de\/?works=perlen\" class=\"fl-work-link\"><\/a>\r\n                            <div class=\"fl-work-mask fl-mask-animation-one\">\r\n                                    <div class=\"fl-work-info fl-mask-txt-animation-one\">\r\n                                        <h4 class=\"fl-work-title\"><a class=\"fl-work-title-link\" href=\"https:\/\/www.safiro-unikatschmuck.de\/?works=perlen\">Perlen bringen Glanz<\/a><\/h4>\r\n                                        <div class=\"fl-work-category\">Perlen<\/div>\r\n                                    <\/div>\r\n                            <\/div>\r\n                                               <\/article>\r\n\r\n\r\n                        \r\n                    <article class=\"fl-work-box cbp-item item cf post-3912 works type-works status-publish has-post-thumbnail hentry works-category-besondere-objekte\" id=\"work-3912\" data-post-id=\"3912\">\r\n                        <div class=\"fl-work-thumbnail \">\r\n                                    <img src=\"https:\/\/www.safiro-unikatschmuck.de\/wp-content\/uploads\/2018\/09\/sonstige-objekte-neu-350-300.jpg\" class=\"attachment-size_1000x800_crop size-size_1000x800_crop wp-post-image\" alt=\"\" decoding=\"async\" loading=\"lazy\" srcset=\"https:\/\/www.safiro-unikatschmuck.de\/wp-content\/uploads\/2018\/09\/sonstige-objekte-neu-350-300.jpg 350w, https:\/\/www.safiro-unikatschmuck.de\/wp-content\/uploads\/2018\/09\/sonstige-objekte-neu-350-300-300x257.jpg 300w, https:\/\/www.safiro-unikatschmuck.de\/wp-content\/uploads\/2018\/09\/sonstige-objekte-neu-350-300-48x41.jpg 48w, https:\/\/www.safiro-unikatschmuck.de\/wp-content\/uploads\/2018\/09\/sonstige-objekte-neu-350-300-60x51.jpg 60w, https:\/\/www.safiro-unikatschmuck.de\/wp-content\/uploads\/2018\/09\/sonstige-objekte-neu-350-300-80x69.jpg 80w, https:\/\/www.safiro-unikatschmuck.de\/wp-content\/uploads\/2018\/09\/sonstige-objekte-neu-350-300-90x77.jpg 90w, https:\/\/www.safiro-unikatschmuck.de\/wp-content\/uploads\/2018\/09\/sonstige-objekte-neu-350-300-150x129.jpg 150w, https:\/\/www.safiro-unikatschmuck.de\/wp-content\/uploads\/2018\/09\/sonstige-objekte-neu-350-300-190x163.jpg 190w\" sizes=\"(max-width: 350px) 100vw, 350px\" \/>                        <\/div>\r\n                                                        <a href=\"https:\/\/www.safiro-unikatschmuck.de\/?works=besondere-objekte\" class=\"fl-work-link\"><\/a>\r\n                            <div class=\"fl-work-mask fl-mask-animation-one\">\r\n                                    <div class=\"fl-work-info fl-mask-txt-animation-one\">\r\n                                        <h4 class=\"fl-work-title\"><a class=\"fl-work-title-link\" href=\"https:\/\/www.safiro-unikatschmuck.de\/?works=besondere-objekte\">Besondere Objekte<\/a><\/h4>\r\n                                        <div class=\"fl-work-category\">Besondere Objekte<\/div>\r\n                                    <\/div>\r\n                            <\/div>\r\n                                               <\/article>\r\n\r\n\r\n                        \r\n\r\n\r\n\r\n                <\/div>\r\n        <\/div>\r\n                       \r\n    <\/div>\r\n        <script type=\"text\/javascript\">\r\n            jQuery.noConflict()(document).ready( function() {\r\n                jQuery('#fl-work-69f30cd601840').cubeportfolio({\r\n                    filters: '#fl-work-69f30cd601840-filter',\r\n                    layoutMode: 'grid',\r\n                    defaultFilter: '*',\r\n                    gapHorizontal:  30,\r\n                    gapVertical:    30,\r\n                    animationType: 'fadeOut',\r\n                    gridAdjustment: 'responsive',\r\n                    mediaQueries: [{\r\n                        width: 800,\r\n                        cols: 3                    },  {\r\n                        width: 450,\r\n                        cols: 2                    },{\r\n                        width: 350,\r\n                        cols: 1\r\n                    }],\r\n                    caption: 'overlayBottomAlong',\r\n                    displayType: 'default',\r\n                    displayTypeSpeed: 300                });\r\n\r\n            });\r\n        <\/script>\r\n    <style type=\"text\/css\" data-type=\"vc_custom-css\">\r\n        #fl-work-69f30cd601840-filter .cbp-filter-item-active .fl-filter-line{\r\n            background: #0dbbc1;\r\n        }\r\n        #fl-work-69f30cd601840-filter .cbp-filter-item-active{\r\n            color: #0dbbc1!important;\r\n        }\r\n        #fl-work-69f30cd601840-filter .fl-work-filter-item{\r\n            color: #0dbbc1;\r\n        }\r\n        #fl-work-69f30cd601840-filter .fl-work-filter-item:hover{\r\n            color: #0dbbc1;\r\n        }\r\n        #fl-work-69f30cd601840-filter .fl-work-filter-item:hover .fl-filter-line{\r\n            background: #0dbbc1;\r\n        }\r\n        #fl-work-69f30cd601840 .fl-work-category{\r\n           color: #ffffff;\r\n            font-size: 14px;\r\n        }\r\n        #fl-work-69f30cd601840 .fl-work-title {color:#ffffff;margin-bottom:15px;font-size:23px!important;line-height:23px!important;}        #fl-work-69f30cd601840 .fl-work-mask{\r\n            background: rgba(0, 0, 0, 0.7) ;\r\n        }\r\n            <\/style>\r\n\r\n\r\n    [\/vc_column][\/vc_row]<\/p>\n","protected":false},"excerpt":{"rendered":"<p>[vc_row][vc_column][vc_empty_space height=&#8220;45px&#8220;][\/vc_column][\/vc_row][vc_row][vc_column][\/vc_column][\/vc_row]<\/p>\n","protected":false},"author":1,"featured_media":0,"parent":0,"menu_order":0,"comment_status":"closed","ping_status":"closed","template":"","meta":[],"_links":{"self":[{"href":"https:\/\/www.safiro-unikatschmuck.de\/index.php?rest_route=\/wp\/v2\/pages\/3977"}],"collection":[{"href":"https:\/\/www.safiro-unikatschmuck.de\/index.php?rest_route=\/wp\/v2\/pages"}],"about":[{"href":"https:\/\/www.safiro-unikatschmuck.de\/index.php?rest_route=\/wp\/v2\/types\/page"}],"author":[{"embeddable":true,"href":"https:\/\/www.safiro-unikatschmuck.de\/index.php?rest_route=\/wp\/v2\/users\/1"}],"replies":[{"embeddable":true,"href":"https:\/\/www.safiro-unikatschmuck.de\/index.php?rest_route=%2Fwp%2Fv2%2Fcomments&post=3977"}],"version-history":[{"count":4,"href":"https:\/\/www.safiro-unikatschmuck.de\/index.php?rest_route=\/wp\/v2\/pages\/3977\/revisions"}],"predecessor-version":[{"id":4005,"href":"https:\/\/www.safiro-unikatschmuck.de\/index.php?rest_route=\/wp\/v2\/pages\/3977\/revisions\/4005"}],"wp:attachment":[{"href":"https:\/\/www.safiro-unikatschmuck.de\/index.php?rest_route=%2Fwp%2Fv2%2Fmedia&parent=3977"}],"curies":[{"name":"wp","href":"https:\/\/api.w.org\/{rel}","templated":true}]}}